{"id":92,"date":"2025-09-01T19:19:30","date_gmt":"2025-09-01T22:19:30","guid":{"rendered":"https:\/\/instavellaneda.com.ar\/instituto\/?page_id=92"},"modified":"2025-10-16T14:37:38","modified_gmt":"2025-10-16T17:37:38","slug":"diseno-de-interiores","status":"publish","type":"page","link":"https:\/\/instavellaneda.com.ar\/instituto\/diseno-de-interiores\/","title":{"rendered":"DISE\u00d1O DE INTERIORES"},"content":{"rendered":"\n<h2 class=\"wp-block-heading has-text-color has-link-color wp-elements-98af4fbe09ebb53688d4222e90c519ba\" style=\"color:#eb7b28;font-size:24px\">Tecnicatura superior en <strong>Dise\u00f1o de\u00a0Interiores<\/strong><\/h2>\n\n\n\n<h2 class=\"wp-block-heading has-text-color has-link-color wp-elements-b37b93d4bef8a7a68271f07c3258a9e2\" style=\"color:#4d685d;font-size:12px;font-style:normal;font-weight:400;text-transform:uppercase\">Pasi\u00f3n por Saber, Pasi\u00f3n por Hacer<\/h2>\n\n\n\n<h3 class=\"wp-block-heading has-text-align-center has-background\" style=\"background-color:#a39d66;font-size:16px;text-transform:uppercase\">Perfil Profesional<\/h3>\n\n\n\n<p style=\"font-size:14px\">El T\u00e9cnico Superior en Dise\u00f1o de Interiores ser\u00e1 capaz de desempe\u00f1arse como profesional independiente o en relaci\u00f3n de dependencia en organizaciones orientadas al proyecto, dise\u00f1o, organizaci\u00f3n y gesti\u00f3n de emprendimientos en relaci\u00f3n al espacio interior de las estructuras edilicias que conforman el entorno habitable de acuerdo a la din\u00e1mica de las actividades humanas.<\/p>\n\n\n\n<p style=\"font-size:14px\">El T\u00e9cnico Superior en Dise\u00f1o de Interiores ser\u00e1 capaz de:<\/p>\n\n\n\n<p style=\"font-size:14px\">-Dise\u00f1ar el espacio interior y el equipamiento de viviendas, instituciones p\u00fablicas y privadas como empresas industriales y comerciales, espacios de recreaci\u00f3n, stand y exposiciones.<\/p>\n\n\n\n<p style=\"font-size:14px\">-Realizar el proyecto, direcci\u00f3n t\u00e9cnica, ejecuci\u00f3n y mantenimiento del espacio habitable interior, brindando respuesta a las exigencias t\u00e9cnicas y est\u00e9ticas de confort y ambientaci\u00f3n.<\/p>\n\n\n\n<p style=\"font-size:14px\">-Coordinar a los equipos de trabajo de los diferentes rubros de servicios t\u00e9cnicos.<\/p>\n\n\n\n<p style=\"font-size:14px\">-Realizar el dise\u00f1o de remodelaci\u00f3n y adaptaci\u00f3n del espacio interior de acuerdo a la din\u00e1mica de las actividades humanas.<\/p>\n\n\n\n<p style=\"font-size:14px\">-Ejecutar la Direcci\u00f3n t\u00e9cnica del proyecto de dise\u00f1o de interiores.<\/p>\n\n\n\n<p style=\"font-size:14px\">-Generar y\/o participar de emprendimientos vinculados con \u00e1reas de su profesionalidad.<\/p>\n\n\n\n<h3 class=\"wp-block-heading has-text-align-center has-background\" style=\"background-color:#8d857e;font-size:16px;text-transform:uppercase\">Plan de Estudio<\/h3>\n\n\n\n<h2 class=\"wp-block-heading\" style=\"font-size:14px\">PRIMER A\u00d1O<\/h2>\n\n\n\n<p class=\"has-base-color has-text-color has-background has-link-color wp-elements-13ca98dba89fb0b22276146e5a85d6ee\" style=\"background-color:#a39a94;font-size:14px\">1. Dise\u00f1o Proyectual I<br>2. Sistemas de representaci\u00f3n I<br>3. Historia del Arte y de la Arquitectura I<br>4. Pr\u00e1cticas de Lectura, Escritura y Oralidad<br>5. Lenguaje visual I<br>6. Dise\u00f1o asistido por computadoras I<br>7. Dise\u00f1o y construcci\u00f3n de objetos muebles<br>8. Problem\u00e1tica sociocultural y del conocimiento<br>9. Materiales b\u00e1sicos y tecnolog\u00edas I<br>10. Ingl\u00e9s<br>11. Pr\u00e1ctica profesionalizante I<\/p>\n\n\n\n<h2 class=\"wp-block-heading has-heading-color has-text-color has-link-color wp-elements-77e469a58197f5d02c0acfeaedf9ebc9\" style=\"font-size:14px\">SEGUNDO A\u00d1O<\/h2>\n\n\n\n<p class=\"has-base-color has-text-color has-background has-link-color wp-elements-8ec96e8eb13845bcdf3e35bc577e0162\" style=\"background-color:#a39a94;font-size:14px\">12. Dise\u00f1o Proyectual II<br>13. Sistemas de representaci\u00f3n II<br>14. Acondicionamiento Termolum\u00ednico<br>15. Materiales b\u00e1sicos y tecnolog\u00edas II<br>16. Lenguaje visual II<br>17. Pr\u00e1ctica profesionalizante II<br>18. Dise\u00f1o asistido por computadoras II<br>19. Dise\u00f1o y construcci\u00f3n de mobiliarios<br>20. Historia del Arte y la Arq. II<\/p>\n\n\n\n<h2 class=\"wp-block-heading\" style=\"font-size:14px\">TERCER A\u00d1O<\/h2>\n\n\n\n<p class=\"has-base-color has-text-color has-background has-link-color wp-elements-0ea5f0e261224c4f55ec5eeff7ec6e04\" style=\"background-color:#a39a94;font-size:14px\">21. Dise\u00f1o Proyectual III<br>22. Instalaciones especiales<br>23. Administraci\u00f3n y Direcci\u00f3n de obras<br>24. Est\u00e9tica y teor\u00eda del arte<br>25. Pr\u00e1ctica profesionalizante III<br>26. Dise\u00f1o asistido por computadoras III<br>27. Gesti\u00f3n de Microemprendimientos<br>28. \u00c9tica profesional<br>25. Pr\u00e1ctica profesionalizante III<\/p>\n\n\n\n<h3 class=\"wp-block-heading has-text-align-center has-background\" style=\"background-color:#8d857e;font-size:16px;text-transform:uppercase\">Condiciones de Ingreso<\/h3>\n\n\n\n<p style=\"font-size:14px\"><strong>Los aspirantes deber\u00e1n:<\/strong><br>-Tener estudios secundarios completos<br>-Aspirantes encuadrados en el art\u00edculo 7\u00bade la Ley de Educaci\u00f3n<br>Superior mayores de 25 a\u00f1os que no hayan completado los estudios<br>secundarios,<br>-Realizar una entrevista personal con el Director de la Carrera<br><strong>Documentaci\u00f3n a Presentar<\/strong><br>-T\u00edtulo Secundario<br>-Certificado de Aptitud F\u00edsica<br>-4 fotos carnet fondo blanco<br>-Fotocopia del DNI<br>-Fotocopia de la Partida de Nacimiento<\/p>\n\n\n\n<h3 class=\"wp-block-heading has-text-align-center has-background\" style=\"background-color:#8d857e;font-size:16px;text-transform:uppercase\">T\u00edtulo y Certificaciones<\/h3>\n\n\n\n<p style=\"font-size:14px\">T\u00c9CNICO SUPERIOR EN DISE\u00d1O DE INTERIORES<br>Resoluci\u00f3n DGE 644\/19<br>Duraci\u00f3n: 3 a\u00f1os<br>Carga horaria: 2400hs<br>Certificaci\u00f3n Intermedia: OPERADOR DE PRODUCCI\u00d3N DE MUEBLES<br>Y EQUIPAMIENTO<br>Carga horaria: 1545hs<\/p>\n\n\n\n<p style=\"font-size:14px\"><strong>Articulaci\u00f3n para el tramo de la licenciatura:<\/strong><\/p>\n\n\n\n<figure class=\"wp-block-image is-resized\"><img decoding=\"async\" src=\"https:\/\/instituto.instavellaneda.edu.ar\/wp-content\/uploads\/2021\/12\/LOGO-UM-01-ALTA-DEFINICION-2-e1622231052585.png\" alt=\"\" class=\"wp-image-580\" style=\"width:199px;height:auto\"\/><\/figure>\n\n\n\n<div class=\"wp-block-buttons is-content-justification-center is-layout-flex wp-container-core-buttons-is-layout-18fd6642 wp-block-buttons-is-layout-flex\" style=\"padding-top:var(--wp--preset--spacing--70);padding-bottom:var(--wp--preset--spacing--70)\">\n<div class=\"wp-block-button\"><a class=\"wp-block-button__link has-background wp-element-button\" href=\"https:\/\/instavellaneda.com.ar\/instituto\/inscripcion\/\" style=\"background-color:#e57200;padding-top:var(--wp--preset--spacing--20);padding-bottom:var(--wp--preset--spacing--20)\">INSCRIBIRME<\/a><\/div>\n<\/div>\n\n\n\n<div class=\"wp-block-cover\"><img loading=\"lazy\" decoding=\"async\" width=\"1024\" height=\"576\" class=\"wp-block-cover__image-background wp-image-877\" alt=\"\" src=\"https:\/\/instavellaneda.com.ar\/instituto\/wp-content\/uploads\/2025\/10\/MG_6972-edited-1024x576.jpg\" data-object-fit=\"cover\" srcset=\"https:\/\/instavellaneda.com.ar\/instituto\/wp-content\/uploads\/2025\/10\/MG_6972-edited-1024x576.jpg 1024w, https:\/\/instavellaneda.com.ar\/instituto\/wp-content\/uploads\/2025\/10\/MG_6972-edited-300x169.jpg 300w, https:\/\/instavellaneda.com.ar\/instituto\/wp-content\/uploads\/2025\/10\/MG_6972-edited-768x432.jpg 768w, https:\/\/instavellaneda.com.ar\/instituto\/wp-content\/uploads\/2025\/10\/MG_6972-edited-1536x864.jpg 1536w, https:\/\/instavellaneda.com.ar\/instituto\/wp-content\/uploads\/2025\/10\/MG_6972-edited.jpg 1920w\" sizes=\"auto, (max-width: 1024px) 100vw, 1024px\" \/><span aria-hidden=\"true\" class=\"wp-block-cover__background has-background-dim\"><\/span><div class=\"wp-block-cover__inner-container is-layout-flow wp-block-cover-is-layout-flow\">\n<p class=\"has-text-align-left has-large-font-size\">Horario de cursado: de lunes a jueves, de 19:00 a 22:40 hs.<br>La modalidad es presencial. Se realizan tareas y entregas de trabajos a trav\u00e9s de la plataforma virtual, y ocasionalmente se dictan clases online.<\/p>\n\n\n\n<p class=\"has-text-align-center has-large-font-size\"><\/p>\n<\/div><\/div>\n","protected":false},"excerpt":{"rendered":"<p>Tecnicatura superior en Dise\u00f1o de\u00a0Interiores Pasi\u00f3n por Saber, Pasi\u00f3n por Hacer Perfil Profesional El T\u00e9cnico Superior en Dise\u00f1o de Interiores ser\u00e1 capaz de desempe\u00f1arse como profesional independiente o en relaci\u00f3n de dependencia en organizaciones orientadas al proyecto, dise\u00f1o, organizaci\u00f3n y gesti\u00f3n de emprendimientos en relaci\u00f3n al espacio interior de las estructuras edilicias que conforman el [&hellip;]<\/p>\n","protected":false},"author":5,"featured_media":0,"parent":0,"menu_order":0,"comment_status":"closed","ping_status":"closed","template":"","meta":{"footnotes":""},"class_list":["post-92","page","type-page","status-publish","hentry"],"_links":{"self":[{"href":"https:\/\/instavellaneda.com.ar\/instituto\/wp-json\/wp\/v2\/pages\/92","targetHints":{"allow":["GET"]}}],"collection":[{"href":"https:\/\/instavellaneda.com.ar\/instituto\/wp-json\/wp\/v2\/pages"}],"about":[{"href":"https:\/\/instavellaneda.com.ar\/instituto\/wp-json\/wp\/v2\/types\/page"}],"author":[{"embeddable":true,"href":"https:\/\/instavellaneda.com.ar\/instituto\/wp-json\/wp\/v2\/users\/5"}],"replies":[{"embeddable":true,"href":"https:\/\/instavellaneda.com.ar\/instituto\/wp-json\/wp\/v2\/comments?post=92"}],"version-history":[{"count":7,"href":"https:\/\/instavellaneda.com.ar\/instituto\/wp-json\/wp\/v2\/pages\/92\/revisions"}],"predecessor-version":[{"id":913,"href":"https:\/\/instavellaneda.com.ar\/instituto\/wp-json\/wp\/v2\/pages\/92\/revisions\/913"}],"wp:attachment":[{"href":"https:\/\/instavellaneda.com.ar\/instituto\/wp-json\/wp\/v2\/media?parent=92"}],"curies":[{"name":"wp","href":"https:\/\/api.w.org\/{rel}","templated":true}]}}