{"id":88,"date":"2025-09-01T19:15:00","date_gmt":"2025-09-01T22:15:00","guid":{"rendered":"https:\/\/instavellaneda.com.ar\/instituto\/?page_id=88"},"modified":"2025-10-16T15:06:46","modified_gmt":"2025-10-16T18:06:46","slug":"recursos-humanos","status":"publish","type":"page","link":"https:\/\/instavellaneda.com.ar\/instituto\/recursos-humanos\/","title":{"rendered":"RECURSOS HUMANOS"},"content":{"rendered":"\n<p class=\"has-secondary-color has-text-color has-link-color wp-elements-20d9466efe956e3931d8b35dc7fc333c\" style=\"font-size:24px\"><mark style=\"background-color:rgba(0, 0, 0, 0);color:#eb7b28\" class=\"has-inline-color\">Tecnicatura superior en Recursos\u00a0Humanos<\/mark><\/p>\n\n\n\n<h2 class=\"wp-block-heading has-text-color has-link-color wp-elements-be632247a721a92e91b745e6b4775b28\" style=\"color:#a8a782;font-size:12px;font-style:normal;font-weight:400;text-transform:uppercase\"><mark style=\"background-color:rgba(0, 0, 0, 0);color:#4d685d\" class=\"has-inline-color\">Pasion por Saber, Pasi\u00f3n por Hacer<\/mark><\/h2>\n\n\n\n<h3 class=\"wp-block-heading has-text-align-center has-background-color has-text-color has-background has-link-color wp-elements-c86d8790b41aceca48abac8306e131f8\" style=\"background-color:#a8a782;font-size:16px;text-transform:uppercase\">Perfil Profesional<\/h3>\n\n\n\n<p class=\"has-roboto-font-family\" style=\"font-size:14px\">El T\u00e9cnico Superior en Gesti\u00f3n de Recursos Humanos estar\u00e1 capacitado desempe\u00f1arse en organizaciones p\u00fablicas y privadas, espec\u00edficamente en el departamento de Recursos Humanos, en los procesos de planificaci\u00f3n, reclutamiento, selecci\u00f3n, inducci\u00f3n, capacitaci\u00f3n y desarrollo, y evaluaci\u00f3n de desempe\u00f1o de sus miembros.<\/p>\n\n\n\n<p class=\"has-roboto-font-family\" style=\"font-size:14px\">Del mismo modo, podr\u00e1 asesorar en la aplicaci\u00f3n de normas y reglamentos internos y verificar el cumplimiento de los mismos encuadrados en el marco de gesti\u00f3n de calidad de la organizaci\u00f3n.<\/p>\n\n\n\n<p class=\"has-roboto-font-family\" style=\"font-size:14px\">Asimismo, podr\u00e1 desempe\u00f1arse en consultoras de Recursos Humanos contratadas por las organizaciones que tercerizan los procesos de b\u00fasqueda y selecci\u00f3n de personal.<\/p>\n\n\n\n<p class=\"has-roboto-font-family\" style=\"font-size:14px\">El T\u00e9cnico Superior en Gesti\u00f3n de Recursos Humanos es un profesional capaz de gestionar todas las tareas vinculadas a las personas que forman parte de una organizaci\u00f3n con competencia para:<\/p>\n\n\n\n<p class=\"has-roboto-font-family\" style=\"font-size:14px\">\u2013 Asesorar en acciones de integraci\u00f3n y eficiencia de los recursos humanos en funci\u00f3n de lo requerido por el personal directivo.<\/p>\n\n\n\n<p class=\"has-roboto-font-family\" style=\"font-size:14px\">\u2013 Aplicar herramientas de gesti\u00f3n para mejorar los procesos de comunicaci\u00f3n formal e informal dentro de la organizaci\u00f3n.<\/p>\n\n\n\n<p class=\"has-roboto-font-family\" style=\"font-size:14px\">\u2013 Planificar los requerimientos de personal de planta y participar del proceso de reclutamiento, selecci\u00f3n e inducci\u00f3n del personal.<\/p>\n\n\n\n<p class=\"has-roboto-font-family\" style=\"font-size:14px\">\u2013 Organizar las actividades de capacitaci\u00f3n y desarrollo del personal de la organizaci\u00f3n.<\/p>\n\n\n\n<p class=\"has-roboto-font-family\" style=\"font-size:14px\">\u2013 Administrar los legajos de personal y toda documentaci\u00f3n concerniente a incorporaciones, despidos y renuncia del personal.<\/p>\n\n\n\n<h3 class=\"wp-block-heading has-text-align-center has-background-color has-text-color has-background has-link-color wp-elements-48bec0b42777428be4fdc8eb98916158\" style=\"background-color:#8d857e;font-size:16px;text-transform:uppercase\">Plan de Estudio<\/h3>\n\n\n\n<h2 class=\"wp-block-heading\" style=\"font-size:14px\">PRIMER A\u00d1O<\/h2>\n\n\n\n<p class=\"has-base-color has-text-color has-background has-link-color has-roboto-font-family wp-elements-661857e3e5af646e8e7a1191c7166370\" style=\"background-color:#a39a94;font-size:14px\">1- Administraci\u00f3n de las organizaciones<br>2.-Introducci\u00f3n a los Recursos Humanos<br>3.-Comunicaci\u00f3n<br>4.-Pr\u00e1cticas de lectura, escritura y oralidad<br>5.-Ingl\u00e9s<br>6.-Inform\u00e1tica y tecnolog\u00eda<br>7.-Estad\u00edstica<br>2.-Introducci\u00f3n a los Recursos Humanos<br>8.-Comunicaci\u00f3n organizacional<br>9.-Psicolog\u00eda social<br>10.-Pr\u00e1ctica profesionalizante I<\/p>\n\n\n\n<h2 class=\"wp-block-heading\" style=\"font-size:14px\">SEGUNDO A\u00d1O<\/h2>\n\n\n\n<p class=\"has-base-color has-text-color has-background has-link-color has-roboto-font-family wp-elements-093b48f8a31d79547aa35243f7ec2af8\" style=\"background-color:#a39a94;font-size:14px\">11.-Introducci\u00f3n al derecho<br>12.-Espacio Optativo Institucional<br>13.-Dise\u00f1o de puestos<br>14.-Planificaci\u00f3n de los Recursos Humanos<br>15.-Reclutamiento y selecci\u00f3n de personal<br>16.-Problem\u00e1tica sociocultural y el Contexto<br>17.-Ingl\u00e9s t\u00e9cnico<br>18.-Pr\u00e1ctica profesionalizante II<br>19.-.Derecho laboral<br>20.-Liquidaci\u00f3n de sueldos y jornales<br>21.-Mediaci\u00f3n, negociaci\u00f3n y resoluci\u00f3n de conflictos<br>22.-Capacitaci\u00f3n y desarrollo<br>23.-Metodolog\u00eda de la investigaci\u00f3n<\/p>\n\n\n\n<h2 class=\"wp-block-heading\" style=\"font-size:14px\">TERCER A\u00d1O<\/h2>\n\n\n\n<p class=\"has-base-color has-text-color has-background has-link-color has-roboto-font-family wp-elements-29896a798a529177b6c33edb5ea250a8\" style=\"background-color:#a39a94;font-size:14px\">24.-Seguridad e Higiene Laboral<br>25.-Formulaci\u00f3n y evaluaci\u00f3n de proyectos<br>26.-Evaluaci\u00f3n de desempe\u00f1o<br>27.-Gesti\u00f3n de la calidad<br>28.-Liderazgo y motivaci\u00f3n<br>29.-\u00c9tica profesional<br>30.-Pr\u00e1ctica profesionalizante III<\/p>\n\n\n\n<h3 class=\"wp-block-heading has-text-align-center has-background-color has-text-color has-background has-link-color wp-elements-223b977bf2f455f0c6581e67f5cb9dda\" style=\"background-color:#8d857e;font-size:16px;text-transform:uppercase\">Condiciones de Ingreso<\/h3>\n\n\n\n<p class=\"has-roboto-font-family\" style=\"font-size:14px\">Los aspirantes deber\u00e1n:<br>-Tener estudios secundarios completos<br>-Aspirantes encuadrados en el art\u00edculo 7\u00bade la Ley de Educaci\u00f3n<br>Superior mayores de 25 a\u00f1os que no hayan completado los estudios<br>secundarios,<br><\/p>\n\n\n\n<p class=\"has-roboto-font-family\" style=\"font-size:14px\"><strong>Documentaci\u00f3n a Presentar<\/strong><br>-T\u00edtulo Secundario<br>-Certificado de Aptitud F\u00edsica<br>-2 fotos carnet fondo blanco<br>-Fotocopia del DNI<br>-Fotocopia de la Partida de Nacimiento<\/p>\n\n\n\n<h3 class=\"wp-block-heading has-text-align-center has-background-color has-text-color has-background has-link-color wp-elements-17d60941ae40178381b2b9f734b4566a\" style=\"background-color:#8d857e;font-size:16px;text-transform:uppercase\">T\u00edtulo y Certificaciones<\/h3>\n\n\n\n<p class=\"has-roboto-font-family\" style=\"font-size:14px\"><strong>T\u00c9CNICO SUPERIOR EN GESTI\u00d3N DE RECURSOS HUMANO<\/strong><br>Resoluci\u00f3n DGE 3316\/19<br>Duraci\u00f3n: 2 a\u00f1os y medio<br>Carga horaria: 2100hs<br>Certificaci\u00f3n Intermedia: <strong>AUXILIAR DE SELECCI\u00d3N DE PERSONAL<\/strong><br>Carga horaria: 900hs<\/p>\n\n\n\n<p class=\"has-roboto-font-family\" style=\"font-size:14px\"><strong>Articulaci\u00f3n para el tramo de la licenciatura:<\/strong><\/p>\n\n\n\n<figure class=\"wp-block-image is-resized\"><img decoding=\"async\" src=\"https:\/\/instituto.instavellaneda.edu.ar\/wp-content\/uploads\/2022\/10\/logo-uce.png\" alt=\"\" class=\"wp-image-1131\" style=\"width:371px;height:auto\"\/><\/figure>\n\n\n\n<p style=\"font-size:14px\">I<strong>nst. Universitario de Ciencias Empresariales<\/strong><\/p>\n\n\n\n<figure class=\"wp-block-image\"><img decoding=\"async\" src=\"https:\/\/instituto.instavellaneda.edu.ar\/wp-content\/uploads\/2022\/02\/channels4_profile-150x150.jpg\" alt=\"\" class=\"wp-image-1085\"\/><\/figure>\n\n\n\n<p style=\"font-size:14px\"><strong>Fundaci\u00f3n Universitas<\/strong><\/p>\n\n\n\n<div class=\"wp-block-buttons is-content-justification-center is-layout-flex wp-container-core-buttons-is-layout-31558199 wp-block-buttons-is-layout-flex\" style=\"margin-top:var(--wp--preset--spacing--70);margin-bottom:var(--wp--preset--spacing--70)\">\n<div class=\"wp-block-button\"><a class=\"wp-block-button__link has-background wp-element-button\" href=\"https:\/\/instavellaneda.com.ar\/instituto\/inscripcion\/\" style=\"background-color:#e57200\">INSCRIBIRME<\/a><\/div>\n<\/div>\n\n\n\n<div class=\"wp-block-cover\"><img loading=\"lazy\" decoding=\"async\" width=\"1024\" height=\"576\" class=\"wp-block-cover__image-background wp-image-877\" alt=\"\" src=\"https:\/\/instavellaneda.com.ar\/instituto\/wp-content\/uploads\/2025\/10\/MG_6972-edited-1024x576.jpg\" data-object-fit=\"cover\" srcset=\"https:\/\/instavellaneda.com.ar\/instituto\/wp-content\/uploads\/2025\/10\/MG_6972-edited-1024x576.jpg 1024w, https:\/\/instavellaneda.com.ar\/instituto\/wp-content\/uploads\/2025\/10\/MG_6972-edited-300x169.jpg 300w, https:\/\/instavellaneda.com.ar\/instituto\/wp-content\/uploads\/2025\/10\/MG_6972-edited-768x432.jpg 768w, https:\/\/instavellaneda.com.ar\/instituto\/wp-content\/uploads\/2025\/10\/MG_6972-edited-1536x864.jpg 1536w, https:\/\/instavellaneda.com.ar\/instituto\/wp-content\/uploads\/2025\/10\/MG_6972-edited.jpg 1920w\" sizes=\"auto, (max-width: 1024px) 100vw, 1024px\" \/><span aria-hidden=\"true\" class=\"wp-block-cover__background has-background-dim\"><\/span><div class=\"wp-block-cover__inner-container is-layout-flow wp-block-cover-is-layout-flow\">\n<p class=\"has-text-align-left has-large-font-size\">Horario de cursado: de lunes a jueves, de 19:00 a 22:40 hs.<br>La modalidad es presencial. Se realizan tareas y entregas de trabajos a trav\u00e9s de la plataforma virtual, y ocasionalmente se dictan online.<\/p>\n\n\n\n<p class=\"has-text-align-center has-large-font-size\"><\/p>\n<\/div><\/div>\n\n\n\n<p><\/p>\n","protected":false},"excerpt":{"rendered":"<p>Tecnicatura superior en Recursos\u00a0Humanos Pasion por Saber, Pasi\u00f3n por Hacer Perfil Profesional El T\u00e9cnico Superior en Gesti\u00f3n de Recursos Humanos estar\u00e1 capacitado desempe\u00f1arse en organizaciones p\u00fablicas y privadas, espec\u00edficamente en el departamento de Recursos Humanos, en los procesos de planificaci\u00f3n, reclutamiento, selecci\u00f3n, inducci\u00f3n, capacitaci\u00f3n y desarrollo, y evaluaci\u00f3n de desempe\u00f1o de sus miembros. Del mismo [&hellip;]<\/p>\n","protected":false},"author":5,"featured_media":0,"parent":0,"menu_order":0,"comment_status":"closed","ping_status":"closed","template":"","meta":{"footnotes":""},"class_list":["post-88","page","type-page","status-publish","hentry"],"_links":{"self":[{"href":"https:\/\/instavellaneda.com.ar\/instituto\/wp-json\/wp\/v2\/pages\/88","targetHints":{"allow":["GET"]}}],"collection":[{"href":"https:\/\/instavellaneda.com.ar\/instituto\/wp-json\/wp\/v2\/pages"}],"about":[{"href":"https:\/\/instavellaneda.com.ar\/instituto\/wp-json\/wp\/v2\/types\/page"}],"author":[{"embeddable":true,"href":"https:\/\/instavellaneda.com.ar\/instituto\/wp-json\/wp\/v2\/users\/5"}],"replies":[{"embeddable":true,"href":"https:\/\/instavellaneda.com.ar\/instituto\/wp-json\/wp\/v2\/comments?post=88"}],"version-history":[{"count":8,"href":"https:\/\/instavellaneda.com.ar\/instituto\/wp-json\/wp\/v2\/pages\/88\/revisions"}],"predecessor-version":[{"id":955,"href":"https:\/\/instavellaneda.com.ar\/instituto\/wp-json\/wp\/v2\/pages\/88\/revisions\/955"}],"wp:attachment":[{"href":"https:\/\/instavellaneda.com.ar\/instituto\/wp-json\/wp\/v2\/media?parent=88"}],"curies":[{"name":"wp","href":"https:\/\/api.w.org\/{rel}","templated":true}]}}