{"id":85,"date":"2025-09-01T19:12:39","date_gmt":"2025-09-01T22:12:39","guid":{"rendered":"https:\/\/instavellaneda.com.ar\/instituto\/?page_id=85"},"modified":"2025-10-16T14:53:31","modified_gmt":"2025-10-16T17:53:31","slug":"diseno-grafico","status":"publish","type":"page","link":"https:\/\/instavellaneda.com.ar\/instituto\/diseno-grafico\/","title":{"rendered":"DISE\u00d1O GRAFICO"},"content":{"rendered":"\n<h2 class=\"wp-block-heading has-secondary-color has-text-color has-link-color wp-elements-63e82b4e6c1d3c425721f024a1a25e8a\" style=\"font-size:24px\"><mark style=\"background-color:rgba(0, 0, 0, 0);color:#eb7b28\" class=\"has-inline-color\">Tecnicatura superior en <strong>Dise\u00f1o\u00a0Gr\u00e1fico<\/strong><\/mark><\/h2>\n\n\n\n<h2 class=\"wp-block-heading has-text-color has-link-color wp-elements-a7ae3cfa14a029d7cba542cd2e20d27f\" style=\"color:#a8a782;font-size:12px;font-style:normal;font-weight:400;text-transform:uppercase\">Pasi\u00f3n por Saber, Pasi\u00f3n por Hacer<\/h2>\n\n\n\n<h3 class=\"wp-block-heading has-text-align-center has-background-color has-text-color has-background has-link-color wp-elements-f3a618c3e0bfb2a9cdfcb2cad1e5fded\" style=\"background-color:#a8a782;font-size:16px;text-transform:uppercase\"><strong>Perfil Profesional<\/strong><\/h3>\n\n\n\n<p class=\"has-roboto-font-family\" style=\"font-size:14px\">El T\u00e9cnico Superior en Dise\u00f1o Gr\u00e1fico puede actuar en forma independiente, u ocupar distintos niveles jer\u00e1rquicos de dependencia dentro de una organizaci\u00f3n.<\/p>\n\n\n\n<p class=\"has-roboto-font-family\" style=\"font-size:14px\">Podr\u00e1 desempe\u00f1arse en diversas empresas dedicadas al dise\u00f1o:<\/p>\n\n\n\n<p class=\"has-roboto-font-family\" style=\"font-size:14px\">-Agencias de Publicidad,<\/p>\n\n\n\n<p class=\"has-roboto-font-family\" style=\"font-size:14px\">-Empresas del \u00e1rea web y multimedia,<\/p>\n\n\n\n<p class=\"has-roboto-font-family\" style=\"font-size:14px\">-Editoriales y medios de comunicaci\u00f3n impresa,<\/p>\n\n\n\n<p class=\"has-roboto-font-family\" style=\"font-size:14px\">-Empresas productoras de envases y empaques,<\/p>\n\n\n\n<p class=\"has-roboto-font-family\" style=\"font-size:14px\">-Empresas productoras de bienes y\/o servicios,<\/p>\n\n\n\n<p class=\"has-roboto-font-family\" style=\"font-size:14px\">-Ferias y exposiciones, museos,<\/p>\n\n\n\n<p class=\"has-roboto-font-family\" style=\"font-size:14px\">-Galer\u00edas de arte<\/p>\n\n\n\n<p class=\"has-roboto-font-family\" style=\"font-size:14px\">-Centros culturales, asociaciones empresariales y c\u00e1maras de comercio.<\/p>\n\n\n\n<p><\/p>\n\n\n\n<p class=\"has-roboto-font-family\" style=\"font-size:14px\">El T\u00e9cnico Superior en Dise\u00f1o Gr\u00e1fico se desempe\u00f1a en tareas de dise\u00f1o, proyecto y producci\u00f3n de la imagen visual como elemento sustancial de la comunicaci\u00f3n, en las siguientes \u00e1reas de competencia:<\/p>\n\n\n\n<p class=\"has-roboto-font-family\" style=\"font-size:14px\">-Dise\u00f1ar, proyectar y concretar creativamente la imagen visual comunicacional de acuerdo a la demanda de las actividades privadas o p\u00fablicas en la sociedad.<\/p>\n\n\n\n<p class=\"has-roboto-font-family\" style=\"font-size:14px\">-Planificar y\/o producir recursos gr\u00e1ficos para los productos y servicios del medio econ\u00f3mico, social y cultural.<\/p>\n\n\n\n<p class=\"has-roboto-font-family\" style=\"font-size:14px\">-Asesorar y coordinar las actividades de proyectos de comunicaci\u00f3n visual orientados en materia de dise\u00f1o gr\u00e1fico de productos y servicios.<\/p>\n\n\n\n<p class=\"has-roboto-font-family\" style=\"font-size:14px\">-Organizar y\/o dirigir t\u00e9cnicamente las actividades productivas de talleres y medios gr\u00e1ficos.<\/p>\n\n\n\n<p class=\"has-roboto-font-family\" style=\"font-size:14px\">-Controlar y evaluar los procesos y productos del dise\u00f1o gr\u00e1fico comunicacional.<\/p>\n\n\n\n<p class=\"has-roboto-font-family\" style=\"font-size:14px\">-Generar y\/o participar de emprendimientos vinculados con \u00e1reas de su profesionalidad.<\/p>\n\n\n\n<h3 class=\"wp-block-heading has-text-align-center has-background-color has-text-color has-background has-link-color wp-elements-6324023678592f02342832eae4cbd1f7\" style=\"background-color:#8d857e;font-size:16px;text-transform:uppercase\"><strong>Plan de Estudio<\/strong><\/h3>\n\n\n\n<h2 class=\"wp-block-heading\" style=\"font-size:14px\">PRIMER A\u00d1O<\/h2>\n\n\n\n<p class=\"has-base-color has-text-color has-background has-link-color has-roboto-font-family wp-elements-3a44d945362680034087ae7f2aeb31fa\" style=\"background-color:#a39a94;font-size:14px\">1. Dise\u00f1o en Comunicaci\u00f3n Visual<br>2. T\u00e9cnicas de Representaci\u00f3n I<br>3. Herramientas digitales I<br>4. Historia del Arte y del Dise\u00f1o I<br>5. Ingl\u00e9s<br>6. Tipograf\u00eda I<br>7. Problem\u00e1tica Sociocultural y el Contexto<br>8. Pr\u00e1cticas de Lectura, Escritura y Oralidad<br>9. Ingl\u00e9s T\u00e9cnico<br>10. Espacio Optativo Institucional I<br>11. Percepci\u00f3n Visual<br>12. Pr\u00e1ctica Profesionalizante I<\/p>\n\n\n\n<h2 class=\"wp-block-heading\" style=\"font-size:14px\">SEGUNDO A\u00d1O<\/h2>\n\n\n\n<p class=\"has-base-color has-text-color has-background has-link-color has-roboto-font-family wp-elements-e047f4aacef3ab7dd0af06d671716837\" style=\"background-color:#a39a94;font-size:14px\">13.Dise\u00f1o en Comunicaci\u00f3n Visual II<br>14.T\u00e9cnicas de Representaci\u00f3n II<br>15.Herramientas Digitales II<br>16.Fotograf\u00eda<br>17.Historia del Arte y del Dise\u00f1o II<br>18.Semiolog\u00eda<br>19.Tecnolog\u00eda Gr\u00e1fica I<br>20. Tipograf\u00eda II<br>21. Tecnolog\u00eda Gr\u00e1fica II<br>22. Pr\u00e1ctica Profesionalizante II<\/p>\n\n\n\n<h2 class=\"wp-block-heading\" style=\"font-size:14px\">TERCER A\u00d1O<\/h2>\n\n\n\n<p class=\"has-base-color has-text-color has-background has-link-color has-roboto-font-family wp-elements-f744f7b61d0c9bcf05dd2f81b6032892\" style=\"background-color:#a39a94;font-size:13px\">23 Dise\u00f1o en Comunicaci\u00f3n Visual III l<br>24. T\u00e9cnicas de Representaci\u00f3n III<br>25. Herramientas Digitales III<br>26. Comunicaci\u00f3n, Medios y Nuevas Tecnolog\u00edas<br>27. Mercadotecnia para Pymes<br>28. Gesti\u00f3n de Microemprendimientos<br>29. Espacio Optativo Institucional II<br>30. \u00c9tica Profesional<br>31. Formulaci\u00f3n y Evaluaci\u00f3n de Proyectos<br>32. Metodolog\u00eda de la Investigaci\u00f3n<br>33. Pr\u00e1ctica Profesionalizante III<\/p>\n\n\n\n<h3 class=\"wp-block-heading has-text-align-center has-background-color has-text-color has-background has-link-color wp-elements-3e5c1e5e83c2bee75ca3878d416cff48\" style=\"background-color:#8d857e;font-size:16px;text-transform:uppercase\"><strong>Condiciones de Ingreso<\/strong><\/h3>\n\n\n\n<p><\/p>\n\n\n\n<p class=\"has-roboto-font-family\" style=\"font-size:14px\"><strong>Los aspirantes deber\u00e1n:<\/strong><br>-Tener estudios secundarios completos<br>-Aspirantes encuadrados en el art\u00edculo N\u00b0 7\u00bade la Ley de Educaci\u00f3n<br>Superior mayores de 25 a\u00f1os que no hayan completado los estudios<br>secundarios,<br>-Realizar una entrevista personal con el Director de la Carrera<br><\/p>\n\n\n\n<p class=\"has-roboto-font-family\" style=\"font-size:14px\"><strong>Documentaci\u00f3n a Presentar<\/strong><br>-T\u00edtulo Secundario<br>-Certificado de Aptitud F\u00edsica<br>-4 fotos carnet fondo blanco<br>-Fotocopia del DNI<br>-Fotocopia de la Partida de Nacimiento<\/p>\n\n\n\n<h3 class=\"wp-block-heading has-text-align-center has-background\" style=\"background-color:#8d857e;font-size:16px;text-transform:uppercase\">T\u00edtulo y Certificaciones<\/h3>\n\n\n\n<p><\/p>\n\n\n\n<p class=\"has-roboto-font-family\" style=\"font-size:14px\"><strong>T\u00c9CNICO SUPERIOR EN DISE\u00d1O GR\u00c1FICO<br><\/strong>Resoluci\u00f3n DGE N\u00b0 489\/19<br>Duraci\u00f3n: 3 a\u00f1os<br>Carga horaria: 2670hs<br>Certificaci\u00f3n Intermedia: <strong>Operador Gr\u00e1fico Digital<\/strong><br>Carga horaria: 1780hs<\/p>\n\n\n\n<p><\/p>\n\n\n\n<p class=\"has-roboto-font-family\" style=\"font-size:14px\"><strong>Articulaci\u00f3n para el tramo de la licenciatura:<\/strong><\/p>\n\n\n\n<figure class=\"wp-block-image is-resized\"><img decoding=\"async\" src=\"https:\/\/instituto.instavellaneda.edu.ar\/wp-content\/uploads\/2021\/12\/LOGO-UM-01-ALTA-DEFINICION-2-e1622231052585.png\" alt=\"\" class=\"wp-image-580\" style=\"width:211px;height:auto\"\/><\/figure>\n\n\n\n<div class=\"wp-block-buttons is-content-justification-center is-layout-flex wp-container-core-buttons-is-layout-18fd6642 wp-block-buttons-is-layout-flex\" style=\"padding-top:var(--wp--preset--spacing--70);padding-bottom:var(--wp--preset--spacing--70)\">\n<div class=\"wp-block-button\"><a class=\"wp-block-button__link has-background wp-element-button\" href=\"https:\/\/instavellaneda.com.ar\/instituto\/inscripcion\/\" style=\"background-color:#e57200\">INSCRIBIRME<\/a><\/div>\n<\/div>\n\n\n\n<div class=\"wp-block-cover\"><img loading=\"lazy\" decoding=\"async\" width=\"1024\" height=\"576\" class=\"wp-block-cover__image-background wp-image-877\" alt=\"\" src=\"https:\/\/instavellaneda.com.ar\/instituto\/wp-content\/uploads\/2025\/10\/MG_6972-edited-1024x576.jpg\" data-object-fit=\"cover\" srcset=\"https:\/\/instavellaneda.com.ar\/instituto\/wp-content\/uploads\/2025\/10\/MG_6972-edited-1024x576.jpg 1024w, https:\/\/instavellaneda.com.ar\/instituto\/wp-content\/uploads\/2025\/10\/MG_6972-edited-300x169.jpg 300w, https:\/\/instavellaneda.com.ar\/instituto\/wp-content\/uploads\/2025\/10\/MG_6972-edited-768x432.jpg 768w, https:\/\/instavellaneda.com.ar\/instituto\/wp-content\/uploads\/2025\/10\/MG_6972-edited-1536x864.jpg 1536w, https:\/\/instavellaneda.com.ar\/instituto\/wp-content\/uploads\/2025\/10\/MG_6972-edited.jpg 1920w\" sizes=\"auto, (max-width: 1024px) 100vw, 1024px\" \/><span aria-hidden=\"true\" class=\"wp-block-cover__background has-background-dim\"><\/span><div class=\"wp-block-cover__inner-container is-layout-flow wp-block-cover-is-layout-flow\">\n<p class=\"has-text-align-left has-large-font-size\">Horario de cursado: de lunes a jueves, de 19:00 a 22:40 hs.<br>La modalidad es presencial. Se realizan tareas y entregas de trabajos a trav\u00e9s de la plataforma virtual, y ocasionalmente se dictan clases online.<\/p>\n\n\n\n<p class=\"has-text-align-center has-large-font-size\"><\/p>\n<\/div><\/div>\n","protected":false},"excerpt":{"rendered":"<p>Tecnicatura superior en Dise\u00f1o\u00a0Gr\u00e1fico Pasi\u00f3n por Saber, Pasi\u00f3n por Hacer Perfil Profesional El T\u00e9cnico Superior en Dise\u00f1o Gr\u00e1fico puede actuar en forma independiente, u ocupar distintos niveles jer\u00e1rquicos de dependencia dentro de una organizaci\u00f3n. Podr\u00e1 desempe\u00f1arse en diversas empresas dedicadas al dise\u00f1o: -Agencias de Publicidad, -Empresas del \u00e1rea web y multimedia, -Editoriales y medios de [&hellip;]<\/p>\n","protected":false},"author":5,"featured_media":0,"parent":0,"menu_order":0,"comment_status":"closed","ping_status":"closed","template":"","meta":{"footnotes":""},"class_list":["post-85","page","type-page","status-publish","hentry"],"_links":{"self":[{"href":"https:\/\/instavellaneda.com.ar\/instituto\/wp-json\/wp\/v2\/pages\/85","targetHints":{"allow":["GET"]}}],"collection":[{"href":"https:\/\/instavellaneda.com.ar\/instituto\/wp-json\/wp\/v2\/pages"}],"about":[{"href":"https:\/\/instavellaneda.com.ar\/instituto\/wp-json\/wp\/v2\/types\/page"}],"author":[{"embeddable":true,"href":"https:\/\/instavellaneda.com.ar\/instituto\/wp-json\/wp\/v2\/users\/5"}],"replies":[{"embeddable":true,"href":"https:\/\/instavellaneda.com.ar\/instituto\/wp-json\/wp\/v2\/comments?post=85"}],"version-history":[{"count":8,"href":"https:\/\/instavellaneda.com.ar\/instituto\/wp-json\/wp\/v2\/pages\/85\/revisions"}],"predecessor-version":[{"id":922,"href":"https:\/\/instavellaneda.com.ar\/instituto\/wp-json\/wp\/v2\/pages\/85\/revisions\/922"}],"wp:attachment":[{"href":"https:\/\/instavellaneda.com.ar\/instituto\/wp-json\/wp\/v2\/media?parent=85"}],"curies":[{"name":"wp","href":"https:\/\/api.w.org\/{rel}","templated":true}]}}