{"id":357,"date":"2025-09-06T11:17:06","date_gmt":"2025-09-06T14:17:06","guid":{"rendered":"https:\/\/instavellaneda.com.ar\/instituto\/?page_id=357"},"modified":"2025-10-15T22:42:02","modified_gmt":"2025-10-16T01:42:02","slug":"inscripcion","status":"publish","type":"page","link":"https:\/\/instavellaneda.com.ar\/instituto\/inscripcion\/","title":{"rendered":""},"content":{"rendered":"\n<p class=\"has-roboto-font-family\">Inscribite en pocos pasos<\/p>\n\n\n\n<p class=\"has-roboto-font-family\">Complet\u00e1 el formulario con tus datos personales para iniciar tu inscripci\u00f3n.<br>Una vez enviado, te redirigiremos autom\u00e1ticamente a tu panel de usuario, donde podr\u00e1s finalizar el proceso y realizar el pago de la inscripci\u00f3n.<\/p>\n\n\n\n<p class=\"has-roboto-font-family\">Record\u00e1: tu n\u00famero de DNI ser\u00e1 tanto tu usuario como tu contrase\u00f1a para ingresar a tu espacio personal.<\/p>\n\n\n\n<div class=\"wp-block-buttons is-content-justification-center is-layout-flex wp-container-core-buttons-is-layout-4b00169a wp-block-buttons-is-layout-flex\" style=\"padding-top:var(--wp--preset--spacing--60);padding-bottom:var(--wp--preset--spacing--60)\">\n<div class=\"wp-block-button\"><a class=\"wp-block-button__link has-background wp-element-button\" href=\"https:\/\/instavellaneda.com.ar\/instituto\/248-2\/\" style=\"background-color:#e57200;padding-top:var(--wp--preset--spacing--20);padding-bottom:var(--wp--preset--spacing--20)\">INSCRIBIRME<\/a><\/div>\n<\/div>\n","protected":false},"excerpt":{"rendered":"<p>Inscribite en pocos pasos Complet\u00e1 el formulario con tus datos personales para iniciar tu inscripci\u00f3n.Una vez enviado, te redirigiremos autom\u00e1ticamente a tu panel de usuario, donde podr\u00e1s finalizar el proceso y realizar el pago de la inscripci\u00f3n. Record\u00e1: tu n\u00famero de DNI ser\u00e1 tanto tu usuario como tu contrase\u00f1a para ingresar a tu espacio personal.<\/p>\n","protected":false},"author":5,"featured_media":0,"parent":0,"menu_order":0,"comment_status":"closed","ping_status":"closed","template":"","meta":{"footnotes":""},"class_list":["post-357","page","type-page","status-publish","hentry"],"_links":{"self":[{"href":"https:\/\/instavellaneda.com.ar\/instituto\/wp-json\/wp\/v2\/pages\/357","targetHints":{"allow":["GET"]}}],"collection":[{"href":"https:\/\/instavellaneda.com.ar\/instituto\/wp-json\/wp\/v2\/pages"}],"about":[{"href":"https:\/\/instavellaneda.com.ar\/instituto\/wp-json\/wp\/v2\/types\/page"}],"author":[{"embeddable":true,"href":"https:\/\/instavellaneda.com.ar\/instituto\/wp-json\/wp\/v2\/users\/5"}],"replies":[{"embeddable":true,"href":"https:\/\/instavellaneda.com.ar\/instituto\/wp-json\/wp\/v2\/comments?post=357"}],"version-history":[{"count":5,"href":"https:\/\/instavellaneda.com.ar\/instituto\/wp-json\/wp\/v2\/pages\/357\/revisions"}],"predecessor-version":[{"id":827,"href":"https:\/\/instavellaneda.com.ar\/instituto\/wp-json\/wp\/v2\/pages\/357\/revisions\/827"}],"wp:attachment":[{"href":"https:\/\/instavellaneda.com.ar\/instituto\/wp-json\/wp\/v2\/media?parent=357"}],"curies":[{"name":"wp","href":"https:\/\/api.w.org\/{rel}","templated":true}]}}