{"id":2,"date":"2013-11-06T11:55:36","date_gmt":"2013-11-06T11:55:36","guid":{"rendered":"https:\/\/instavellaneda.com.ar\/instituto\/?page_id=2"},"modified":"2025-10-28T12:00:00","modified_gmt":"2025-10-28T15:00:00","slug":"administracion-de-empresas","status":"publish","type":"page","link":"https:\/\/instavellaneda.com.ar\/instituto\/administracion-de-empresas\/","title":{"rendered":"Administraci\u00f3n de empresas"},"content":{"rendered":"\n<h2 class=\"wp-block-heading has-base-color has-text-color has-link-color wp-elements-aca9782184194879c6ae73536f9e50b7\" style=\"font-size:24px\"><mark style=\"background-color:rgba(0, 0, 0, 0);color:#eb7b28\" class=\"has-inline-color\">T\u00e9cnico superior en <strong>administraci\u00f3n de&nbsp;empresas<\/strong><\/mark><\/h2>\n\n\n\n<h2 class=\"wp-block-heading has-foreground-color has-text-color has-link-color wp-elements-4cba53424b5c1aeb4ebd8e9d8e0f00c0\" style=\"font-size:12px;text-transform:uppercase\">Pasion por Saber, Pasi\u00f3n por Hacer<\/h2>\n\n\n\n<h2 class=\"wp-block-heading has-text-align-center has-background-color has-text-color has-background has-link-color wp-elements-ab58fd7dc135af889dd72b5eb320b231\" style=\"background-color:#a39d66;font-size:16px;text-transform:uppercase\"><strong>Perfil Profesional<\/strong><\/h2>\n\n\n\n<p class=\"has-heading-color has-base-background-color has-text-color has-background has-link-color has-roboto-font-family wp-elements-b7dd10758de1865e2b9b548800d5ad9a\" style=\"font-size:14px\">El T\u00e9cnico Superior en Administraci\u00f3n de Empresas estar\u00e1 capacitado para desempe\u00f1arse en los mandos medios de empresas, realizando y\/o colaborando<br>en las tareas administrativas o bien en el desarrollo y\/o gesti\u00f3n de emprendimientos independientes, utilizando t\u00e9cnicas que optimicen los procesos espec\u00edficos de su \u00e1mbito de acci\u00f3n y beneficien a la organizaci\u00f3n como unidad global.<br><br>En este sentido, estar\u00e1 formado para la utilizaci\u00f3n de modelos conceptuales e instrumentos t\u00e9cnicos que apunten a una gesti\u00f3n eficiente en empresas de<br>cualquier \u00edndole y tama\u00f1o y de todos los sectores productivos.<br><br>El T\u00e9cnico Superior en Administraci\u00f3n de Empresas ser\u00e1 capaz de operar, seg\u00fan las organizaciones, normas de procedimiento y legales, en las siguientes \u00e1reas de competencia:<br><br>-Administrar los procesos relacionados a la gesti\u00f3n de la producci\u00f3n.<br>-Administrar los procesos relacionados a la gesti\u00f3n de la comercializaci\u00f3n.<br>-Administrar los procesos relacionados a la gesti\u00f3n del personal.<br>-Administrar los procesos relacionados a la gesti\u00f3n financiera.<br>-Desarrollar en forma sin\u00e9rgica y creativa el liderazgo, la comunicaci\u00f3n activa<br>y el trabajo en equipo, en los m\u00faltiples \u00e1mbitos de desempe\u00f1o que<br>plantea el mundo laboral.<\/p>\n\n\n\n<h2 class=\"wp-block-heading has-text-align-center has-background-color has-text-color has-background has-link-color wp-elements-f95d848145283d49710e68fe93e3de79\" style=\"background-color:#8d857e;font-size:16px;text-transform:uppercase\">Plan de Estudio<\/h2>\n\n\n\n<h2 class=\"wp-block-heading\" style=\"font-size:14px\">PRIMER A\u00d1O<\/h2>\n\n\n\n<p class=\"has-base-color has-text-color has-background has-link-color has-roboto-font-family wp-elements-fec4e0ef18e51098db056515fb3fc818\" style=\"background-color:#a39a94;font-size:14px\">1. Inform\u00e1tica y Tecnolog\u00eda I<br>2. Ingl\u00e9s<br>3. Administraci\u00f3n<br>4. Contabilidad<br>5. Microeconom\u00eda<br>6. Matem\u00e1tica<br>7. Comunicaci\u00f3n, Comprensi\u00f3n y producci\u00f3n de Textos<br>8. Estad\u00edstica<br>9. Oratoria<br>10. Pr\u00e1ctica Profesionalizante I<\/p>\n\n\n\n<h2 class=\"wp-block-heading\" style=\"font-size:14px\">SEGUNDO A\u00d1O<\/h2>\n\n\n\n<p class=\"has-base-color has-text-color has-background has-link-color has-roboto-font-family wp-elements-82208770c1b28008d99e63cdce5a0ef0\" style=\"background-color:#a39a94;font-size:14px\">11. Inform\u00e1tica y Tecnolog\u00eda II<br>12. Ingl\u00e9s T\u00e9cnico<br>13. Macroeconom\u00eda<br>14. Comercializaci\u00f3n<br>15. Estructura de Costos<br>16. Desarrollo Territorial<br>17. C\u00e1lculo Financiero<br>18. Introducci\u00f3n al Derecho<br>19. Problem\u00e1tica Sociocultural y del Trabajo<br>20. Gesti\u00f3n Financiera<br>21. Derecho de la Empresa<br>22. Pr\u00e1ctica Profesionalizante II<\/p>\n\n\n\n<h2 class=\"wp-block-heading\" style=\"font-size:14px\">TERCER A\u00d1O<\/h2>\n\n\n\n<p class=\"has-base-color has-text-color has-background has-link-color has-roboto-font-family wp-elements-44045ca4f61c15ab6c92a7850dc37235\" style=\"background-color:#a39a94;font-size:14px\">23. Formulaci\u00f3n y Evaluaci\u00f3n de Proyectos<br>24. Producto y Servicio<br>25. Habilidades Interpersonales<br>26. \u00c9tica Profesional<br>27. Control de Gesti\u00f3n<br>28. Derecho Laboral<br>29. Gesti\u00f3n de la Calidad<br>30. Log\u00edstica Integral<br>31. Creatividad e Innovaci\u00f3n<br>32. Psicolog\u00eda Organizacional<br>33. Pr\u00e1ctica Impositiva y de Liquidaci\u00f3n de Sueldos<br>34. Administraci\u00f3n de Personal<br>35. Pr\u00e1ctica Profesionalizante III<\/p>\n\n\n\n<h3 class=\"wp-block-heading has-text-align-center has-background-color has-text-color has-background has-link-color wp-elements-de7fad7a906ff4e872b3cdcc4818a284\" style=\"background-color:#8d857e;font-size:16px;text-transform:uppercase\">Condiciones de Ingreso<\/h3>\n\n\n\n<p class=\"has-roboto-font-family\" style=\"font-size:14px\"><\/p>\n\n\n\n<p class=\"has-roboto-font-family\" style=\"font-size:14px\">Los aspirantes deber\u00e1n:<\/p>\n\n\n\n<p class=\"has-roboto-font-family\" style=\"font-size:14px\">-Tener estudios secundarios completos<br>-Aspirantes encuadrados en el art\u00edculo 7\u00bade la Ley de Educaci\u00f3n<br>Superior mayores de 25 a\u00f1os que no hayan completado los estudios<br>secundarios,<\/p>\n\n\n\n<p class=\"has-roboto-font-family\" style=\"font-size:14px\">Documentaci\u00f3n a Presentar<br>-T\u00edtulo Secundario<br>-Certificado de Aptitud F\u00edsica<br>-2 fotos carnet fondo blanco<br>-Fotocopia del DNI<br>-Fotocopia de la Partida de Nacimiento<\/p>\n\n\n\n<p><\/p>\n\n\n\n<h3 class=\"wp-block-heading has-text-align-center has-background-color has-text-color has-background has-link-color wp-elements-d21a47dca716dab0c4a3c9ef7c673f5b\" style=\"background-color:#8d857e;font-size:16px;text-transform:uppercase\">T\u00edtulo y Certificaciones<\/h3>\n\n\n\n<p><\/p>\n\n\n\n<p class=\"has-roboto-font-family\" style=\"font-size:14px\"><strong>T\u00c9CNICO SUPERIOR EN ADMINISTRACI\u00d3N DE EMPRESAS<br><\/strong><\/p>\n\n\n\n<p class=\"has-roboto-font-family\" style=\"font-size:14px\">Resoluci\u00f3n DGE 800\/18<br>Duraci\u00f3n: 3 a\u00f1os<br>Carga horaria: 2400hs<br>Certificaci\u00f3n Intermedia: ANALISTA FINANCIERO<br>Carga horaria: 1470hs<\/p>\n\n\n\n<p class=\"has-text-align-left\" style=\"font-size:14px\"><strong>Articulaci\u00f3n para el tramo de la licenciatura:<\/strong><\/p>\n\n\n\n<figure class=\"wp-block-image is-resized\"><img decoding=\"async\" src=\"https:\/\/instituto.instavellaneda.edu.ar\/wp-content\/uploads\/2021\/12\/logo-Contactos-1-1024x192-1.png\" alt=\"\" class=\"wp-image-575\" style=\"width:381px;height:auto\"\/><\/figure>\n\n\n\n<div class=\"wp-block-buttons is-content-justification-center is-layout-flex wp-container-core-buttons-is-layout-18fd6642 wp-block-buttons-is-layout-flex\" style=\"padding-top:var(--wp--preset--spacing--70);padding-bottom:var(--wp--preset--spacing--70)\">\n<div class=\"wp-block-button\"><a class=\"wp-block-button__link has-background wp-element-button\" href=\"https:\/\/instavellaneda.com.ar\/instituto\/inscripcion\/\" style=\"background-color:#e57200\">INSCRIBIRME<\/a><\/div>\n<\/div>\n\n\n\n<div class=\"wp-block-cover\"><img loading=\"lazy\" decoding=\"async\" width=\"1024\" height=\"576\" class=\"wp-block-cover__image-background wp-image-877\" alt=\"\" src=\"https:\/\/instavellaneda.com.ar\/instituto\/wp-content\/uploads\/2025\/10\/MG_6972-edited-1024x576.jpg\" data-object-fit=\"cover\" srcset=\"https:\/\/instavellaneda.com.ar\/instituto\/wp-content\/uploads\/2025\/10\/MG_6972-edited-1024x576.jpg 1024w, https:\/\/instavellaneda.com.ar\/instituto\/wp-content\/uploads\/2025\/10\/MG_6972-edited-300x169.jpg 300w, https:\/\/instavellaneda.com.ar\/instituto\/wp-content\/uploads\/2025\/10\/MG_6972-edited-768x432.jpg 768w, https:\/\/instavellaneda.com.ar\/instituto\/wp-content\/uploads\/2025\/10\/MG_6972-edited-1536x864.jpg 1536w, https:\/\/instavellaneda.com.ar\/instituto\/wp-content\/uploads\/2025\/10\/MG_6972-edited.jpg 1920w\" sizes=\"auto, (max-width: 1024px) 100vw, 1024px\" \/><span aria-hidden=\"true\" class=\"wp-block-cover__background has-background-dim\"><\/span><div class=\"wp-block-cover__inner-container is-layout-flow wp-block-cover-is-layout-flow\">\n<p class=\"has-text-align-center has-large-font-size\">Horario de cursado: de lunes a jueves de 19:00 a 22:40 hs. Es presencial y se realizan tareas, entregas de trabajos y clases, en ocasiones, por plataforma virtual.<\/p>\n\n\n\n<p><\/p>\n\n\n\n<p class=\"has-text-align-center\">INICIO DE CLASES (estimado): MARZO 2026<\/p>\n<\/div><\/div>\n\n\n<h2 style=\"padding-top:var(--wp--preset--spacing--50);padding-bottom:var(--wp--preset--spacing--50);\" class=\"has-text-align-center has-link-color wp-elements-f7da44a7b435ab071163881042c50a0e wp-block-post-title has-text-color has-custom-color-3-color\">Administraci\u00f3n de empresas<\/h2>\n\n\n<p class=\"has-text-align-center has-foreground-color has-text-color has-link-color wp-elements-787230275c43eed40b108251306d9ff1\" style=\"font-size:20px\">Si sos parte de estas instituciones vos o tus familiares, acceden a un <strong>30%<\/strong> de descuento sobre las 10 cuotas mensuales del a\u00f1o calendario, durante los 3 ciclos lectivos que dura la carrera. <\/p>\n\n\n\n<figure class=\"wp-block-gallery has-nested-images columns-default is-cropped wp-block-gallery-1 is-layout-flex wp-block-gallery-is-layout-flex\">\n<figure class=\"wp-block-image size-medium\" style=\"margin-top:var(--wp--preset--spacing--20);margin-bottom:var(--wp--preset--spacing--20)\"><a href=\"https:\/\/instavellaneda.com.ar\/instituto\/wp-content\/uploads\/2025\/10\/channels4_profile.jpg\"><img loading=\"lazy\" decoding=\"async\" width=\"300\" height=\"300\" data-id=\"976\" src=\"https:\/\/instavellaneda.com.ar\/instituto\/wp-content\/uploads\/2025\/10\/channels4_profile-300x300.jpg\" alt=\"\" class=\"wp-image-976\" srcset=\"https:\/\/instavellaneda.com.ar\/instituto\/wp-content\/uploads\/2025\/10\/channels4_profile-300x300.jpg 300w, https:\/\/instavellaneda.com.ar\/instituto\/wp-content\/uploads\/2025\/10\/channels4_profile-150x150.jpg 150w, https:\/\/instavellaneda.com.ar\/instituto\/wp-content\/uploads\/2025\/10\/channels4_profile-768x768.jpg 768w, https:\/\/instavellaneda.com.ar\/instituto\/wp-content\/uploads\/2025\/10\/channels4_profile.jpg 900w\" sizes=\"auto, (max-width: 300px) 100vw, 300px\" \/><\/a><\/figure>\n\n\n\n<figure class=\"wp-block-image size-full\" style=\"margin-top:var(--wp--preset--spacing--70);margin-bottom:var(--wp--preset--spacing--70)\"><a href=\"https:\/\/instavellaneda.com.ar\/instituto\/wp-content\/uploads\/2025\/10\/580dee17-5113-4871-a435-e4cfb7d9e414-isologotipovertical-color.png\"><img loading=\"lazy\" decoding=\"async\" width=\"360\" height=\"247\" data-id=\"982\" src=\"https:\/\/instavellaneda.com.ar\/instituto\/wp-content\/uploads\/2025\/10\/580dee17-5113-4871-a435-e4cfb7d9e414-isologotipovertical-color-edited.png\" alt=\"\" class=\"wp-image-982\" srcset=\"https:\/\/instavellaneda.com.ar\/instituto\/wp-content\/uploads\/2025\/10\/580dee17-5113-4871-a435-e4cfb7d9e414-isologotipovertical-color-edited.png 360w, https:\/\/instavellaneda.com.ar\/instituto\/wp-content\/uploads\/2025\/10\/580dee17-5113-4871-a435-e4cfb7d9e414-isologotipovertical-color-edited-300x206.png 300w\" sizes=\"auto, (max-width: 360px) 100vw, 360px\" \/><\/a><\/figure>\n<\/figure>\n\n\n\n<p><\/p>\n","protected":false},"excerpt":{"rendered":"<p>T\u00e9cnico superior en administraci\u00f3n de&nbsp;empresas Pasion por Saber, Pasi\u00f3n por Hacer Perfil Profesional El T\u00e9cnico Superior en Administraci\u00f3n de Empresas estar\u00e1 capacitado para desempe\u00f1arse en los mandos medios de empresas, realizando y\/o colaborandoen las tareas administrativas o bien en el desarrollo y\/o gesti\u00f3n de emprendimientos independientes, utilizando t\u00e9cnicas que optimicen los procesos espec\u00edficos de su [&hellip;]<\/p>\n","protected":false},"author":5,"featured_media":0,"parent":0,"menu_order":0,"comment_status":"open","ping_status":"open","template":"","meta":{"footnotes":""},"class_list":["post-2","page","type-page","status-publish","hentry"],"_links":{"self":[{"href":"https:\/\/instavellaneda.com.ar\/instituto\/wp-json\/wp\/v2\/pages\/2","targetHints":{"allow":["GET"]}}],"collection":[{"href":"https:\/\/instavellaneda.com.ar\/instituto\/wp-json\/wp\/v2\/pages"}],"about":[{"href":"https:\/\/instavellaneda.com.ar\/instituto\/wp-json\/wp\/v2\/types\/page"}],"author":[{"embeddable":true,"href":"https:\/\/instavellaneda.com.ar\/instituto\/wp-json\/wp\/v2\/users\/5"}],"replies":[{"embeddable":true,"href":"https:\/\/instavellaneda.com.ar\/instituto\/wp-json\/wp\/v2\/comments?post=2"}],"version-history":[{"count":37,"href":"https:\/\/instavellaneda.com.ar\/instituto\/wp-json\/wp\/v2\/pages\/2\/revisions"}],"predecessor-version":[{"id":1015,"href":"https:\/\/instavellaneda.com.ar\/instituto\/wp-json\/wp\/v2\/pages\/2\/revisions\/1015"}],"wp:attachment":[{"href":"https:\/\/instavellaneda.com.ar\/instituto\/wp-json\/wp\/v2\/media?parent=2"}],"curies":[{"name":"wp","href":"https:\/\/api.w.org\/{rel}","templated":true}]}}