{"id":100,"date":"2025-09-01T19:21:37","date_gmt":"2025-09-01T22:21:37","guid":{"rendered":"https:\/\/instavellaneda.com.ar\/instituto\/?page_id=100"},"modified":"2025-10-16T15:02:10","modified_gmt":"2025-10-16T18:02:10","slug":"gestion-y-control-de-calidad","status":"publish","type":"page","link":"https:\/\/instavellaneda.com.ar\/instituto\/gestion-y-control-de-calidad\/","title":{"rendered":"GESTI\u00d3N Y CONTROL DE CALIDAD"},"content":{"rendered":"\n<h2 class=\"wp-block-heading has-secondary-color has-text-color has-link-color wp-elements-6822f7af81630859fd7be1aa5f97f276\" style=\"font-size:24px\"><mark style=\"background-color:rgba(0, 0, 0, 0);color:#eb7b28\" class=\"has-inline-color\">Estudia ONLINE y 100% distancia<\/mark><\/h2>\n\n\n\n<h2 class=\"wp-block-heading has-text-color has-link-color wp-elements-91432897efd3b20c2ae793824def5c90\" style=\"color:#4d685d;font-size:12px;font-style:normal;font-weight:400;text-transform:uppercase\">Pasion por Saber, Pasi\u00f3n por Hacer<\/h2>\n\n\n\n<h3 class=\"wp-block-heading has-text-align-center has-background-color has-text-color has-background has-link-color wp-elements-86574093b14307925f43abffd035ef68\" style=\"background-color:#a39d66;font-size:16px;text-transform:uppercase\">Perfil Profesional<\/h3>\n\n\n\n<p><\/p>\n\n\n\n<p class=\"has-roboto-font-family\" style=\"font-size:14px\">El T\u00e9cnico Superior en Gesti\u00f3n de la calidad podr\u00e1 desempe\u00f1arse en las siguientes \u00e1reas socio-ocupacionales:<\/p>\n\n\n\n<p class=\"has-roboto-font-family\" style=\"font-size:14px\">-En equipos de auditor\u00edas para organizaciones de producci\u00f3n de bienes y servicios.<\/p>\n\n\n\n<p class=\"has-roboto-font-family\" style=\"font-size:14px\">-En la industria vitivin\u00edcola para la certificaci\u00f3n de calidad nacional e internacional.<\/p>\n\n\n\n<p class=\"has-roboto-font-family\" style=\"font-size:14px\">-En industrias tales como la metalmec\u00e1nica, la alimenticia, las derivadas del turismo (gastronom\u00eda, hoteler\u00eda, etc), las de tecnolog\u00eda.<\/p>\n\n\n\n<p class=\"has-roboto-font-family\" style=\"font-size:14px\">-Como consultor independiente para dichas organizaciones.<\/p>\n\n\n\n<p class=\"has-roboto-font-family\" style=\"font-size:14px\">-El egresado estar\u00e1 habilitado para realizar controles de calidad utilizando los instrumentos y herramientas correspondientes, produciendo informes y recomendaciones a partir de su gesti\u00f3n de control.<\/p>\n\n\n\n<p><\/p>\n\n\n\n<p class=\"has-roboto-font-family\" style=\"font-size:14px\">Es un profesional capaz de administrar los diferentes Sistemas Integrados de Gesti\u00f3n de Calidad, que requieran los procesos de las organizaciones.<\/p>\n\n\n\n<p class=\"has-roboto-font-family\" style=\"font-size:14px\">-Asesorar en el dise\u00f1o y planificaci\u00f3n del Sistema de Gesti\u00f3n de la Calidad aplicado en las organizaciones.<\/p>\n\n\n\n<p class=\"has-roboto-font-family\" style=\"font-size:14px\">-Establecer las acciones para la organizaci\u00f3n del sistema de SGC.<\/p>\n\n\n\n<p class=\"has-roboto-font-family\" style=\"font-size:14px\">-Implementar, ejecutar y controlar los Sistemas de Calidad considerando los acuerdos con la gerencia, la pol\u00edtica de calidad de la organizaci\u00f3n y los objetivos establecidos para el SGC.<\/p>\n\n\n\n<p class=\"has-roboto-font-family\" style=\"font-size:14px\">-Controlar el cumplimiento de los requisitos normativos y operativos establecidos en la informaci\u00f3n documentada.<\/p>\n\n\n\n<p class=\"has-roboto-font-family\" style=\"font-size:14px\">-Capacitar al personal para garantizar la calidad y la eficacia y eficiencia de la organizaci\u00f3n.<\/p>\n\n\n\n<p class=\"has-roboto-font-family\" style=\"font-size:14px\">-Asesorar a la gerencia sobre la selecci\u00f3n del ENTE que realizar\u00e1 el proceso de certificaci\u00f3n y mantenimiento.<\/p>\n\n\n\n<p class=\"has-roboto-font-family\" style=\"font-size:14px\">-Realizar Auditor\u00edas Internas y Externas en las organizaciones.<\/p>\n\n\n\n<p class=\"has-roboto-font-family\" style=\"font-size:14px\">-Generar y\/o participar de emprendimientos vinculados con \u00e1reas de su profesionalidad.<\/p>\n\n\n\n<p class=\"has-roboto-font-family\" style=\"font-size:14px\">-Realizar Pericias Judiciales en un todo de acuerdo a lo definido en sus incumbencias.<\/p>\n\n\n\n<h3 class=\"wp-block-heading has-text-align-center has-background-color has-text-color has-background has-link-color wp-elements-684d583b8257ee2788aa6ae8492c0940\" style=\"background-color:#8d857e;font-size:16px;text-transform:uppercase\">Plan de Estudio<\/h3>\n\n\n\n<h2 class=\"wp-block-heading\" style=\"font-size:14px\">PRIMER A\u00d1O<\/h2>\n\n\n\n<p class=\"has-base-color has-text-color has-background has-link-color has-roboto-font-family wp-elements-a147b6bd79de12afd11c4535f333855c\" style=\"background-color:#a39a94;font-size:14px\">1. Organizaci\u00f3n de la calidad<br>2. Matem\u00e1tica<br>3. Psicolog\u00eda del trabajo<br>4. Inform\u00e1tica y tecnolog\u00eda I<br>5. Ingl\u00e9s<br>6. Din\u00e1mica de grupos<br>7. Pr\u00e1cticas de lectura, escritura y oralidad<br>8. F\u00edsico-Qu\u00edmica<br>9. Estad\u00edstica semestral<br>10. Planificaci\u00f3n de la calidad s<br>11. Pr\u00e1ctica profesionalizante I<\/p>\n\n\n\n<h2 class=\"wp-block-heading\" style=\"font-size:14px\">SEGUNDO A\u00d1O<\/h2>\n\n\n\n<p class=\"has-base-color has-text-color has-background has-link-color has-roboto-font-family wp-elements-e058a79c9f87f6672aee9f5cdffef2dd\" style=\"background-color:#a39a94;font-size:14px\">12. Herramientas de la gesti\u00f3n de calidad<br>13. Documentos y Registros de un sistema de calidad<br>14. Sistemas de calidad normalizados de gesti\u00f3n<br>15. Ingl\u00e9s t\u00e9cnico<br>16. Inform\u00e1tica y tecnolog\u00eda II<br>17. Pr\u00e1ctica profesionalizante II<br>18. Inspecciones, ensayos y metrolog\u00eda<br>19. Control de calidad<br>20. Auditoria de Calidad<br>21. Problem\u00e1tica sociocultural y el Contexto<\/p>\n\n\n\n<h2 class=\"wp-block-heading\" style=\"font-size:14px\">TERCER A\u00d1O<\/h2>\n\n\n\n<p class=\"has-base-color has-text-color has-background has-link-color has-roboto-font-family wp-elements-906251b0a0e2317192505d7c24772b27\" style=\"background-color:#a39a94;font-size:14px\">22. An\u00e1lisis de costos<br>23. Calidad Agroalimentaria<br>24. Efectividad y mejora continua<br>25. Supervisi\u00f3n<br>26. \u00c9tica Profesional<br>27. Pr\u00e1ctica profesionalizante III<\/p>\n\n\n\n<h3 class=\"wp-block-heading has-text-align-center has-background-color has-text-color has-background has-link-color wp-elements-964ade4b342935b5bc2b6da7c6c3d0d0\" style=\"background-color:#8d857e;font-size:15px;text-transform:uppercase\">Condiciones de Ingreso<\/h3>\n\n\n\n<p><\/p>\n\n\n\n<p class=\"has-roboto-font-family\">Los aspirantes deber\u00e1n:<\/p>\n\n\n\n<p class=\"has-roboto-font-family\">-Tener estudios secundarios completos<br>-Aspirantes encuadrados en el art\u00edculo N\u00b0 7\u00bade la Ley de Educaci\u00f3n Superior mayores de 25 a\u00f1os que no hayan completado los estudios secundarios,<br><\/p>\n\n\n\n<p class=\"has-roboto-font-family\"><strong>Documentaci\u00f3n a Presentar<\/strong><\/p>\n\n\n\n<p class=\"has-roboto-font-family\">-T\u00edtulo Secundario<\/p>\n\n\n\n<p class=\"has-roboto-font-family\">-Certificado de Aptitud F\u00edsica<\/p>\n\n\n\n<p class=\"has-roboto-font-family\">-2 fotos carnet fondo blanco<\/p>\n\n\n\n<p class=\"has-roboto-font-family\">-Fotocopia del DNI<\/p>\n\n\n\n<p class=\"has-roboto-font-family\">-Fotocopia de la Partida de Nacimiento<\/p>\n\n\n\n<h3 class=\"wp-block-heading has-text-align-center has-background-color has-text-color has-background has-link-color wp-elements-0ae0ed806ebdea2adf9b3a5021e13fa7\" style=\"background-color:#8d857e;font-size:16px;text-transform:uppercase\">T\u00edtulo y Certificaciones<\/h3>\n\n\n\n<p><\/p>\n\n\n\n<p class=\"has-roboto-font-family\" style=\"font-size:14px\"><strong>T\u00c9CNICO SUPERIOR EN GESTI\u00d3N Y CONTROL DE LA CALIDAD<\/strong><br>Resoluci\u00f3n DGE<br>Duraci\u00f3n: 2 a\u00f1os y medio<br>Carga horaria: 2100hs<br>Certificaci\u00f3n Intermedia: <strong>AUDITOR INTERNO DE SISTEMAS DE GESTI\u00d3N DE CALIDAD<\/strong><br>Carga horaria: 1290hs<\/p>\n\n\n\n<div class=\"wp-block-buttons is-content-justification-center is-layout-flex wp-container-core-buttons-is-layout-f8b02a3c wp-block-buttons-is-layout-flex\" style=\"margin-top:var(--wp--preset--spacing--70);margin-bottom:var(--wp--preset--spacing--70)\">\n<div class=\"wp-block-button\"><a class=\"wp-block-button__link has-background wp-element-button\" href=\"https:\/\/instavellaneda.com.ar\/instituto\/inscripcion\/\" style=\"background-color:#e57200\">INSCRIBIRME<\/a><\/div>\n<\/div>\n\n\n\n<div class=\"wp-block-cover\"><img loading=\"lazy\" decoding=\"async\" width=\"1024\" height=\"683\" class=\"wp-block-cover__image-background wp-image-931 size-large\" alt=\"\" src=\"https:\/\/instavellaneda.com.ar\/instituto\/wp-content\/uploads\/2025\/10\/MG_7245-1-1024x683.jpg\" style=\"object-position:9% 96%\" data-object-fit=\"cover\" data-object-position=\"9% 96%\" srcset=\"https:\/\/instavellaneda.com.ar\/instituto\/wp-content\/uploads\/2025\/10\/MG_7245-1-1024x683.jpg 1024w, https:\/\/instavellaneda.com.ar\/instituto\/wp-content\/uploads\/2025\/10\/MG_7245-1-300x200.jpg 300w, https:\/\/instavellaneda.com.ar\/instituto\/wp-content\/uploads\/2025\/10\/MG_7245-1-768x512.jpg 768w, https:\/\/instavellaneda.com.ar\/instituto\/wp-content\/uploads\/2025\/10\/MG_7245-1-1536x1024.jpg 1536w, https:\/\/instavellaneda.com.ar\/instituto\/wp-content\/uploads\/2025\/10\/MG_7245-1-2048x1365.jpg 2048w\" sizes=\"auto, (max-width: 1024px) 100vw, 1024px\" \/><span aria-hidden=\"true\" class=\"wp-block-cover__background has-foreground-background-color has-background-dim\"><\/span><div class=\"wp-block-cover__inner-container is-layout-flow wp-block-cover-is-layout-flow\">\n<p class=\"has-text-align-left has-large-font-size\">Gesti\u00f3n de Calidad es nuestra primera carrera con modalidad 100 % online. <\/p>\n\n\n\n<p class=\"has-text-align-left has-large-font-size\">Pod\u00e9s realizarla desde cualquier punto del pa\u00eds, acomodar tus horarios y estudiar con comodidad.<\/p>\n\n\n\n<p class=\"has-text-align-center has-large-font-size\"><\/p>\n<\/div><\/div>\n","protected":false},"excerpt":{"rendered":"<p>Estudia ONLINE y 100% distancia Pasion por Saber, Pasi\u00f3n por Hacer Perfil Profesional El T\u00e9cnico Superior en Gesti\u00f3n de la calidad podr\u00e1 desempe\u00f1arse en las siguientes \u00e1reas socio-ocupacionales: -En equipos de auditor\u00edas para organizaciones de producci\u00f3n de bienes y servicios. -En la industria vitivin\u00edcola para la certificaci\u00f3n de calidad nacional e internacional. -En industrias tales [&hellip;]<\/p>\n","protected":false},"author":5,"featured_media":0,"parent":0,"menu_order":0,"comment_status":"closed","ping_status":"closed","template":"","meta":{"footnotes":""},"class_list":["post-100","page","type-page","status-publish","hentry"],"_links":{"self":[{"href":"https:\/\/instavellaneda.com.ar\/instituto\/wp-json\/wp\/v2\/pages\/100","targetHints":{"allow":["GET"]}}],"collection":[{"href":"https:\/\/instavellaneda.com.ar\/instituto\/wp-json\/wp\/v2\/pages"}],"about":[{"href":"https:\/\/instavellaneda.com.ar\/instituto\/wp-json\/wp\/v2\/types\/page"}],"author":[{"embeddable":true,"href":"https:\/\/instavellaneda.com.ar\/instituto\/wp-json\/wp\/v2\/users\/5"}],"replies":[{"embeddable":true,"href":"https:\/\/instavellaneda.com.ar\/instituto\/wp-json\/wp\/v2\/comments?post=100"}],"version-history":[{"count":10,"href":"https:\/\/instavellaneda.com.ar\/instituto\/wp-json\/wp\/v2\/pages\/100\/revisions"}],"predecessor-version":[{"id":940,"href":"https:\/\/instavellaneda.com.ar\/instituto\/wp-json\/wp\/v2\/pages\/100\/revisions\/940"}],"wp:attachment":[{"href":"https:\/\/instavellaneda.com.ar\/instituto\/wp-json\/wp\/v2\/media?parent=100"}],"curies":[{"name":"wp","href":"https:\/\/api.w.org\/{rel}","templated":true}]}}